{"id":2,"date":"2020-06-11T09:49:52","date_gmt":"2020-06-11T07:49:52","guid":{"rendered":"http:\/\/portfolio.marmomac.com\/?page_id=2"},"modified":"2020-09-30T15:09:04","modified_gmt":"2020-09-30T13:09:04","slug":"home","status":"publish","type":"page","link":"https:\/\/www.marmomac.com\/portfolio\/","title":{"rendered":"Home"},"content":{"rendered":"<div class=\"wpb-content-wrapper\"><p>[vc_row css=&#8221;.vc_custom_1597757321777{margin-bottom: 0px !important;}&#8221;][vc_column css=&#8221;.vc_custom_1597757327347{margin-bottom: 0px !important;}&#8221;][vc_column_text css=&#8221;.vc_custom_1597912466508{margin-bottom: 10px !important;}&#8221;]<div data-post-id=\"12\" class=\"insert-page insert-page-12 \"><style type=\"text\/css\" data-type=\"vc_custom-css\">#titletist{\r\n    letter-spacing: 1px;\r\n}\r\n#linktitle{\r\n    letter-spacing: 1px;\r\n    font-weight:600;\r\n}<\/style><div class=\"wpb-content-wrapper\"><p>[vc_row][vc_column offset=&#8221;vc_hidden-md vc_hidden-sm vc_hidden-xs&#8221;][vc_row_inner content_placement=&#8221;middle&#8221;][vc_column_inner width=&#8221;1\/2&#8243;][vc_custom_heading text=&#8221;The Italian Stone Theatre&#8221; font_container=&#8221;tag:h1|font_size:18|text_align:left|color:%23000000&#8243; use_theme_fonts=&#8221;yes&#8221;][\/vc_column_inner][vc_column_inner width=&#8221;1\/6&#8243;][vc_custom_heading text=&#8221;&gt; project&#8221; font_container=&#8221;tag:h2|font_size:14|text_align:left|color:%23000000&#8243; use_theme_fonts=&#8221;yes&#8221; link=&#8221;url:http%3A%2F%2Fwww.marmomac.com%2Fportfolio%2Fproject%2F|title:%3E%20project||&#8221;][\/vc_column_inner][vc_column_inner width=&#8221;1\/6&#8243;][vc_custom_heading text=&#8221;&gt; magazine&#8221; font_container=&#8221;tag:h2|font_size:14|text_align:left|color:%23000000&#8243; use_theme_fonts=&#8221;yes&#8221; link=&#8221;url:https%3A%2F%2Fwww.marmomac.com%2Fmagazine%2F||target:%20_blank|&#8221;][\/vc_column_inner][vc_column_inner width=&#8221;1\/6&#8243;][vc_custom_heading text=&#8221;&gt; marmomac.com&#8221; font_container=&#8221;tag:h2|font_size:14|text_align:left|color:%23000000&#8243; use_theme_fonts=&#8221;yes&#8221; link=&#8221;url:https%3A%2F%2Fwww.marmomac.com%2F|title:%3E%20marmomac.com|target:%20_blank|&#8221;][\/vc_column_inner][\/vc_row_inner][\/vc_column][\/vc_row][vc_row][vc_column offset=&#8221;vc_hidden-lg&#8221;][vc_row_inner][vc_column_inner][vc_custom_heading text=&#8221;The Italian Stone Theatre&#8221; font_container=&#8221;tag:h1|font_size:18|text_align:left|color:%23000000&#8243; use_theme_fonts=&#8221;yes&#8221;][\/vc_column_inner][\/vc_row_inner][vc_row_inner][vc_column_inner width=&#8221;1\/3&#8243;][vc_custom_heading text=&#8221;&gt; project&#8221; font_container=&#8221;tag:h2|font_size:14|text_align:left|color:%23000000&#8243; use_theme_fonts=&#8221;yes&#8221; link=&#8221;url:http%3A%2F%2Fwww.marmomac.com%2Fportfolio%2Fproject%2F|title:%3E%20project||&#8221;][\/vc_column_inner][vc_column_inner width=&#8221;1\/3&#8243;][vc_custom_heading text=&#8221;&gt; magazine&#8221; font_container=&#8221;tag:h2|font_size:14|text_align:left|color:%23000000&#8243; use_theme_fonts=&#8221;yes&#8221; link=&#8221;url:https%3A%2F%2Fwww.marmomac.com%2Fmagazine%2F||target:%20_blank|&#8221;][\/vc_column_inner][vc_column_inner width=&#8221;1\/3&#8243;][vc_custom_heading text=&#8221;&gt; marmomac.com&#8221; font_container=&#8221;tag:h2|font_size:14|text_align:left|color:%23000000&#8243; use_theme_fonts=&#8221;yes&#8221; link=&#8221;url:https%3A%2F%2Fwww.marmomac.com%2F|title:%3E%20marmomac.com|target:%20_blank|&#8221;][\/vc_column_inner][\/vc_row_inner][\/vc_column][\/vc_row]<\/p>\n<\/div><\/div>[\/vc_column_text][\/vc_column][\/vc_row][vc_row full_width=&#8221;stretch_row_content_no_spaces&#8221; bg_type=&#8221;image&#8221; parallax_style=&#8221;vcpb-default&#8221; bg_image_new=&#8221;id^207|url^https:\/\/www.marmomac.com\/portfolio\/wp-content\/uploads\/2020\/09\/italian14.jpg|caption^null|alt^null|title^italian14|description^null&#8221; bg_image_repeat=&#8221;no-repeat&#8221; css=&#8221;.vc_custom_1600696285926{padding-top: 150px !important;padding-bottom: 150px !important;}&#8221;][vc_column offset=&#8221;vc_hidden-md vc_hidden-sm vc_hidden-xs&#8221;][vc_row_inner css=&#8221;.vc_custom_1600695716207{padding-top: 40px !important;padding-right: 40px !important;padding-bottom: 40px !important;padding-left: 40px !important;}&#8221;][vc_column_inner width=&#8221;1\/4&#8243;][\/vc_column_inner][vc_column_inner width=&#8221;1\/2&#8243;][vc_single_image image=&#8221;208&#8243; img_size=&#8221;full&#8221; alignment=&#8221;center&#8221;][\/vc_column_inner][vc_column_inner width=&#8221;1\/4&#8243;][\/vc_column_inner][\/vc_row_inner][\/vc_column][\/vc_row][vc_row css=&#8221;.vc_custom_1600697168336{margin-top: -100px !important;padding-top: 40px !important;padding-right: 20px !important;padding-bottom: 20px !important;padding-left: 20px !important;background-color: #ffffff !important;}&#8221;][vc_column css=&#8221;.vc_custom_1601471338524{padding-top: 0px !important;}&#8221;][vc_column_text]<\/p>\n<section id=\"mappa\" class=\"elementor-section elementor-top-section elementor-element elementor-element-bdd6dd7 elementor-section-boxed elementor-section-height-default elementor-section-height-default\" data-id=\"bdd6dd7\" data-element_type=\"section\" data-settings=\"{&quot;background_background&quot;:&quot;classic&quot;}\">\n<div class=\"elementor-container elementor-column-gap-default\">\n<div class=\"elementor-row\">\n<div class=\"elementor-column elementor-col-100 elementor-top-column elementor-element elementor-element-108369c\" data-id=\"108369c\" data-element_type=\"column\">\n<div class=\"elementor-column-wrap elementor-element-populated\">\n<div class=\"elementor-widget-wrap\">\n<div class=\"elementor-element elementor-element-77de4bd elementor-widget elementor-widget-text-editor\" data-id=\"77de4bd\" data-element_type=\"widget\" data-widget_type=\"text-editor.default\">\n<div class=\"elementor-widget-container\">\n<div class=\"elementor-text-editor elementor-clearfix\">\n<p>All\u2019interno di questo spazio, infatti, le aziende italiane sono invitate a collaborare con <b>architetti e designer di fama internazionale <\/b>per la realizzazione di <b>progetti inediti<\/b>, mettendo in scena l\u2019eccellenza litica attraverso opere e installazioni ispirate a un tema che ogni anno viene identificato dai curatori <i>Raffaello Galiotto<\/i> e <i>Vincenzo Pavan<\/i>. Il padiglione \u00e8 <b>suddiviso in aree<\/b>, ciascuna delle quali ospita <b>una mostra<\/b>: una di <b>architettura<\/b>, una di <b>design<\/b>, una d\u2019<b>arte<\/b> e una di <b>oggetti legati a importanti brand dell\u2019arredo<\/b>. Ad esse si aggiungono due spazi destinati alla convivialit\u00e0, ossia il <b>Wine Bar<\/b> e il <b>Ristorante d\u2019Autore<\/b>, allestiti secondo il tema selezionato, e l\u2019<b>Area Forum<\/b> in cui si alternano lecture, workshop e conferenze.<\/p>\n<p>Ogni anno, aziende italiane di lavorazione della pietra e quelle produttrici di macchinari e tecnologie sono coinvolte nella realizzazione di <b>The Italian Stone Theatre <\/b>e vengono abbinate a designer e architetti per la realizzazione di <b>prototipi<\/b>, <b>oggetti o installazioni<\/b> studiati appositamente per la manifestazione.<\/p>\n<p>Nel <b>2018<\/b> il tema \u00e8 stato <i>Pietra e Acqua<\/i>, dove l\u2019acqua, materia fluida, \u00e8 stata messa in dialogo con la solidit\u00e0 della pietra. Nel <b>2019<\/b> il tema \u00e8 stato <i>Naturality<\/i>, ossia la naturalit\u00e0 della pietra, intesa nel suo aspetto pi\u00f9 puro, nelle sue connotazioni di unicit\u00e0 e geodiversit\u00e0, come elemento fondamentale della natura che si \u00e8 evoluto e trasformato nei secoli. Durante <b>Marmomac Restart Digital<\/b> rivivi il meglio delle <b>passate edizioni<\/b> con <b>The Best of The Italian Stone Theatre<\/b>.<\/p>\n<\/div>\n<\/div>\n<\/div>\n<\/div>\n<\/div>\n<\/div>\n<\/div>\n<\/div>\n<\/section>\n<p>[\/vc_column_text][vc_empty_space][vc_row_inner][vc_column_inner width=&#8221;1\/5&#8243;][vc_btn title=&#8221;2015&#8243; style=&#8221;outline-custom&#8221; outline_custom_color=&#8221;#000000&#8243; outline_custom_hover_background=&#8221;#000000&#8243; outline_custom_hover_text=&#8221;#ffffff&#8221; shape=&#8221;square&#8221; align=&#8221;center&#8221; button_block=&#8221;true&#8221; link=&#8221;url:http%3A%2F%2Fwww.marmomac.com\/portfolio%2Fproject%2F%232015|||&#8221; el_id=&#8221;bottonebold&#8221;][\/vc_column_inner][vc_column_inner width=&#8221;1\/5&#8243;][vc_btn title=&#8221;2016&#8243; style=&#8221;outline-custom&#8221; outline_custom_color=&#8221;#000000&#8243; outline_custom_hover_background=&#8221;#000000&#8243; outline_custom_hover_text=&#8221;#ffffff&#8221; shape=&#8221;square&#8221; align=&#8221;center&#8221; button_block=&#8221;true&#8221; link=&#8221;url:http%3A%2F%2Fwww.marmomac.com\/portfolio%2Fproject%2F%232016|||&#8221; el_id=&#8221;bottonebold&#8221;][\/vc_column_inner][vc_column_inner width=&#8221;1\/5&#8243;][vc_btn title=&#8221;2017&#8243; style=&#8221;outline-custom&#8221; outline_custom_color=&#8221;#000000&#8243; outline_custom_hover_background=&#8221;#000000&#8243; outline_custom_hover_text=&#8221;#ffffff&#8221; shape=&#8221;square&#8221; align=&#8221;center&#8221; button_block=&#8221;true&#8221; link=&#8221;url:http%3A%2F%2Fwww.marmomac.com\/portfolio%2Fproject%2F%232017|||&#8221; el_id=&#8221;bottonebold&#8221;][\/vc_column_inner][vc_column_inner width=&#8221;1\/5&#8243;][vc_btn title=&#8221;2018&#8243; style=&#8221;outline-custom&#8221; outline_custom_color=&#8221;#000000&#8243; outline_custom_hover_background=&#8221;#000000&#8243; outline_custom_hover_text=&#8221;#ffffff&#8221; shape=&#8221;square&#8221; align=&#8221;center&#8221; button_block=&#8221;true&#8221; link=&#8221;url:http%3A%2F%2Fwww.marmomac.com\/portfolio%2Fproject%2F%232018|||&#8221; el_id=&#8221;bottonebold&#8221;][\/vc_column_inner][vc_column_inner width=&#8221;1\/5&#8243;][vc_btn title=&#8221;2019&#8243; style=&#8221;outline-custom&#8221; outline_custom_color=&#8221;#000000&#8243; outline_custom_hover_background=&#8221;#000000&#8243; outline_custom_hover_text=&#8221;#ffffff&#8221; shape=&#8221;square&#8221; align=&#8221;center&#8221; button_block=&#8221;true&#8221; link=&#8221;url:http%3A%2F%2Fwww.marmomac.com\/portfolio%2Fproject%2F%232019|||&#8221; el_id=&#8221;bottonebold&#8221;][\/vc_column_inner][\/vc_row_inner][\/vc_column][\/vc_row]<\/p>\n<\/div>","protected":false},"excerpt":{"rendered":"<p>[vc_row css=&#8221;.vc_custom_1597757321777{margin-bottom: 0px !important;}&#8221;][vc_column css=&#8221;.vc_custom_1597757327347{margin-bottom: 0px !important;}&#8221;][vc_column_text css=&#8221;.vc_custom_1597912466508{margin-bottom: 10px !important;}&#8221;][\/vc_column_text][\/vc_column][\/vc_row][vc_row full_width=&#8221;stretch_row_content_no_spaces&#8221; bg_type=&#8221;image&#8221; parallax_style=&#8221;vcpb-default&#8221; bg_image_new=&#8221;id^207|url^https:\/\/www.marmomac.com\/portfolio\/wp-content\/uploads\/2020\/09\/italian14.jpg|caption^null|alt^null|title^italian14|description^null&#8221; bg_image_repeat=&#8221;no-repeat&#8221; css=&#8221;.vc_custom_1600696285926{padding-top: 150px !important;padding-bottom: 150px !important;}&#8221;][vc_column offset=&#8221;vc_hidden-md vc_hidden-sm vc_hidden-xs&#8221;][vc_row_inner css=&#8221;.vc_custom_1600695716207{padding-top: 40px !important;padding-right: 40px !important;padding-bottom: 40px !important;padding-left: 40px !important;}&#8221;][vc_column_inner width=&#8221;1\/4&#8243;][\/vc_column_inner][vc_column_inner width=&#8221;1\/2&#8243;][vc_single_image image=&#8221;208&#8243; img_size=&#8221;full&#8221; alignment=&#8221;center&#8221;][\/vc_column_inner][vc_column_inner width=&#8221;1\/4&#8243;][\/vc_column_inner][\/vc_row_inner][\/vc_column][\/vc_row][vc_row css=&#8221;.vc_custom_1600697168336{margin-top: -100px !important;padding-top: 40px !important;padding-right: 20px !important;padding-bottom: 20px !important;padding-left: 20px !important;background-color: #ffffff !important;}&#8221;][vc_column css=&#8221;.vc_custom_1601471338524{padding-top: 0px !important;}&#8221;][vc_column_text] All\u2019interno&hellip;<\/p>\n","protected":false},"author":1,"featured_media":0,"parent":0,"menu_order":0,"comment_status":"closed","ping_status":"closed","template":"","meta":{"_acf_changed":false,"footnotes":""},"class_list":["post-2","page","type-page","status-publish","hentry","description-off"],"acf":[],"_links":{"self":[{"href":"https:\/\/www.marmomac.com\/portfolio\/wp-json\/wp\/v2\/pages\/2","targetHints":{"allow":["GET"]}}],"collection":[{"href":"https:\/\/www.marmomac.com\/portfolio\/wp-json\/wp\/v2\/pages"}],"about":[{"href":"https:\/\/www.marmomac.com\/portfolio\/wp-json\/wp\/v2\/types\/page"}],"author":[{"embeddable":true,"href":"https:\/\/www.marmomac.com\/portfolio\/wp-json\/wp\/v2\/users\/1"}],"replies":[{"embeddable":true,"href":"https:\/\/www.marmomac.com\/portfolio\/wp-json\/wp\/v2\/comments?post=2"}],"version-history":[{"count":0,"href":"https:\/\/www.marmomac.com\/portfolio\/wp-json\/wp\/v2\/pages\/2\/revisions"}],"wp:attachment":[{"href":"https:\/\/www.marmomac.com\/portfolio\/wp-json\/wp\/v2\/media?parent=2"}],"curies":[{"name":"wp","href":"https:\/\/api.w.org\/{rel}","templated":true}]}}